{"id":419,"date":"2020-12-01T13:03:06","date_gmt":"2020-12-01T13:03:06","guid":{"rendered":"https:\/\/dental-racki.hr\/?page_id=419"},"modified":"2021-07-24T08:56:39","modified_gmt":"2021-07-24T08:56:39","slug":"detaljne-upute","status":"publish","type":"page","link":"https:\/\/dental-racki.hr\/index.php\/detaljne-upute\/","title":{"rendered":"Detaljne upute"},"content":{"rendered":"<p>[et_pb_section fb_built=&#8221;1&#8243; _builder_version=&#8221;4.6.1&#8243; _module_preset=&#8221;default&#8221; custom_padding=&#8221;0px|||||&#8221;][et_pb_row column_structure=&#8221;1_4,1_4,1_4,1_4&#8243; custom_padding_last_edited=&#8221;on|desktop&#8221; _builder_version=&#8221;4.6.1&#8243; use_background_color_gradient=&#8221;on&#8221; background_color_gradient_start=&#8221;#f78f1e&#8221; background_color_gradient_end=&#8221;rgba(247,127,0,0.7)&#8221; background_color_gradient_direction=&#8221;108deg&#8221; max_width=&#8221;1280px&#8221; custom_margin=&#8221;|||&#8221; custom_padding=&#8221;70px|5vw|70px|5vw|true|true&#8221; custom_padding_tablet=&#8221;|5vw||5vw||true&#8221; custom_padding_phone=&#8221;|5vw||5vw||true&#8221; animation_style=&#8221;zoom&#8221; animation_direction=&#8221;top&#8221; animation_intensity_zoom=&#8221;1%&#8221; border_radii=&#8221;|||14vw|14vw&#8221; box_shadow_style=&#8221;preset1&#8243; box_shadow_vertical=&#8221;20px&#8221; box_shadow_blur=&#8221;50px&#8221; box_shadow_color=&#8221;rgba(0,121,255,0.2)&#8221; use_custom_width=&#8221;on&#8221; custom_width_px=&#8221;1280px&#8221; locked=&#8221;off&#8221;][et_pb_column type=&#8221;1_4&#8243; _builder_version=&#8221;3.25&#8243; custom_padding=&#8221;|||&#8221; custom_padding_tablet=&#8221;40px|||&#8221; custom_padding_phone=&#8221;20px|||&#8221; custom_padding_last_edited=&#8221;off|desktop&#8221; padding_phone=&#8221;20px|||&#8221; padding_tablet=&#8221;40px|||&#8221; padding_last_edited=&#8221;off|desktop&#8221; custom_padding__hover=&#8221;|||&#8221;][et_pb_blurb title=&#8221;Nazovite nas&#8221; use_icon=&#8221;on&#8221; font_icon=&#8221;%%264%%&#8221; icon_color=&#8221;#ffffff&#8221; icon_placement=&#8221;left&#8221; _builder_version=&#8221;4.9.10&#8243; header_font=&#8221;Myriad pro regular|600|||||||&#8221; header_line_height=&#8221;1.6em&#8221; body_font=&#8221;||||||||&#8221; body_font_size=&#8221;16px&#8221; body_line_height=&#8221;2em&#8221; background_layout=&#8221;dark&#8221; animation=&#8221;off&#8221; hover_enabled=&#8221;0&#8243; sticky_enabled=&#8221;0&#8243;]<\/p>\n<p>Tel: <span style=\"color: #ffffff;\"><a href=\"tel:+38551508368\" style=\"color: #ffffff;\">+385 51 508 368<\/a><\/span><\/p>\n<p>Mob: <span style=\"color: #ffffff;\"><a href=\"tel:+385996740054\" style=\"color: #ffffff;\">+385 99 674 0054<\/a><\/span><\/p>\n<p>[\/et_pb_blurb][\/et_pb_column][et_pb_column type=&#8221;1_4&#8243; _builder_version=&#8221;3.25&#8243; custom_padding=&#8221;|||&#8221; custom_padding_tablet=&#8221;40px|||&#8221; custom_padding_phone=&#8221;20px|||&#8221; custom_padding_last_edited=&#8221;off|desktop&#8221; padding_phone=&#8221;20px|||&#8221; padding_tablet=&#8221;40px|||&#8221; padding_last_edited=&#8221;off|desktop&#8221; custom_padding__hover=&#8221;|||&#8221;][et_pb_blurb title=&#8221;Adresa&#8221; use_icon=&#8221;on&#8221; font_icon=&#8221;%%122%%&#8221; icon_color=&#8221;#ffffff&#8221; icon_placement=&#8221;left&#8221; _builder_version=&#8221;4.6.1&#8243; header_font=&#8221;Myriad pro regular|600|||||||&#8221; header_line_height=&#8221;1.6em&#8221; body_font=&#8221;||||||||&#8221; body_font_size=&#8221;16px&#8221; body_line_height=&#8221;2em&#8221; background_layout=&#8221;dark&#8221; animation=&#8221;off&#8221;]<\/p>\n<p><span>Supilova ulica 20,\u00a051300, Delnice , prvi kat<\/span><\/p>\n<p>[\/et_pb_blurb][\/et_pb_column][et_pb_column type=&#8221;1_4&#8243; _builder_version=&#8221;3.25&#8243; custom_padding=&#8221;|||&#8221; custom_padding_tablet=&#8221;40px|||&#8221; custom_padding_phone=&#8221;20px|||&#8221; custom_padding_last_edited=&#8221;off|desktop&#8221; padding_phone=&#8221;20px|||&#8221; padding_tablet=&#8221;40px|||&#8221; padding_last_edited=&#8221;off|desktop&#8221; custom_padding__hover=&#8221;|||&#8221;][et_pb_blurb title=&#8221;Radno vrijeme&#8221; use_icon=&#8221;on&#8221; font_icon=&#8221;%%92%%&#8221; icon_color=&#8221;#ffffff&#8221; icon_placement=&#8221;left&#8221; _builder_version=&#8221;4.6.1&#8243; header_font=&#8221;Myriad pro regular|600|||||||&#8221; header_line_height=&#8221;1.6em&#8221; body_font=&#8221;||||||||&#8221; body_font_size=&#8221;16px&#8221; body_line_height=&#8221;2em&#8221; background_layout=&#8221;dark&#8221; width=&#8221;100%&#8221; custom_padding=&#8221;||0px|||&#8221; animation=&#8221;off&#8221; locked=&#8221;off&#8221;]<\/p>\n<p>Ponedjeljak, srijeda<\/p>\n<p>14:00 &#8211; 20:00<\/p>\n<p>Utorak, \u010detvrtak, petak<\/p>\n<p>8:00 &#8211; 14:00<\/p>\n<p>Ostali termini po dogovoru<\/p>\n<p>[\/et_pb_blurb][\/et_pb_column][et_pb_column type=&#8221;1_4&#8243; _builder_version=&#8221;4.6.1&#8243; _module_preset=&#8221;default&#8221;][et_pb_blurb title=&#8221;Email&#8221; use_icon=&#8221;on&#8221; font_icon=&#8221;%%259%%&#8221; icon_color=&#8221;#ffffff&#8221; icon_placement=&#8221;left&#8221; _builder_version=&#8221;4.9.10&#8243; header_font=&#8221;Myriad pro regular|600|||||||&#8221; header_line_height=&#8221;1.6em&#8221; body_font=&#8221;||||||||&#8221; body_font_size=&#8221;16px&#8221; body_line_height=&#8221;2em&#8221; background_layout=&#8221;dark&#8221; custom_padding=&#8221;||0px|||&#8221; animation=&#8221;off&#8221; hover_enabled=&#8221;0&#8243; sticky_enabled=&#8221;0&#8243;]<\/p>\n<p><span style=\"color: #ffffff;\"><a href=\"mailto:info@dental-racki.hr\" style=\"color: #ffffff;\">info@dental-racki.hr<\/a><\/span><\/p>\n<p>[\/et_pb_blurb][\/et_pb_column][\/et_pb_row][\/et_pb_section][et_pb_section fb_built=&#8221;1&#8243; admin_label=&#8221;Tips&#8221; _builder_version=&#8221;4.6.1&#8243; use_background_color_gradient=&#8221;on&#8221; background_color_gradient_start=&#8221;#ffffff&#8221; background_color_gradient_end=&#8221;rgba(255,255,255,0.29)&#8221; background_color_gradient_overlays_image=&#8221;on&#8221; background_image=&#8221;https:\/\/dental-racki.hr\/wp-content\/uploads\/2020\/11\/dent.png&#8221; custom_margin=&#8221;||-3px|||&#8221; custom_padding=&#8221;0|0px|0vw|0px|false|false&#8221; box_shadow_style=&#8221;preset6&#8243; box_shadow_horizontal=&#8221;80px&#8221; box_shadow_vertical=&#8221;-100px&#8221; box_shadow_blur=&#8221;200px&#8221; box_shadow_spread=&#8221;80px&#8221; box_shadow_color=&#8221;#ffffff&#8221; locked=&#8221;off&#8221;][et_pb_row _builder_version=&#8221;4.6.1&#8243; _module_preset=&#8221;default&#8221;][et_pb_column type=&#8221;4_4&#8243; _builder_version=&#8221;4.6.1&#8243; _module_preset=&#8221;default&#8221;][et_pb_text _builder_version=&#8221;4.6.1&#8243; _module_preset=&#8221;default&#8221; text_font=&#8221;Myriad pro regular||||||||&#8221; header_font=&#8221;Myriad pro regular||||||||&#8221; custom_padding=&#8221;||0px|||&#8221;]<\/p>\n<div class=\"pages-wrapper\">\n<div class=\"pages-wrapper2\">\n<p style=\"text-align: justify;\"><span style=\"font-size: large;\"><strong>Dental Studio Ra\u010dki<\/strong>\u00a0se nalazi u samom centru\u00a0<strong>Delnica<\/strong>\u00a0u\u00a0<strong>Supilovoj ulici broj 20<\/strong>. Pri izlasku s autoceste A6 (Rijeka-Zagreb) skrenite desno u smjeru Delnica. Na samom ulazu u Delnice poslije autobusnog i \u017eeljeznickog kolodvora skrenite lijevo za Supilovu ulicu. Nakon 200 metara dolazite do ordinacije koja se nalazi na prvom katu zgrade u kojoj su smje\u0161teni supermarket i Porezna uprava.<\/span><\/p>\n<p style=\"text-align: justify;\"><span style=\"font-size: large;\">Ako dolazite iz\u00a0<strong>Slovenije (Dolenjska regija)<\/strong>\u00a0koristite smjer preko Broda na Kupi. Pratite smjer Delnice do kojih je\u00a0<strong>11 km<\/strong>.<\/span><\/p>\n<p style=\"text-align: justify;\"><span style=\"font-size: large;\">Ako dolazite iz\u00a0<strong>Slovenije (Notranjska regija)<\/strong>\u00a0koristite smjer preko Prezida. Pratite smjer Delnice do kojih je\u00a0<strong>50 km<\/strong>.<\/span><\/p>\n<p style=\"text-align: justify;\"><span style=\"font-size: large;\">Za dolaske iz\u00a0<strong>Italije<\/strong>\u00a0preporu\u010dujemo spajanje na autocestu na \u010dvoru Rupa. Od \u010dvora Rupa do samog izlaza za Delnice vodi vas brza cesta preko rije\u010dke zaobilaznice. Udaljenost te relacije je\u00a0<strong>71 km<\/strong>.<\/span><\/p>\n<\/div>\n<\/div>\n<div class=\"footer_wrapper\">\n<div class=\"footer_wrapper2\">\n<div class=\"footer_logos_wrap\"><\/div>\n<\/div>\n<\/div>\n<p>[\/et_pb_text][\/et_pb_column][\/et_pb_row][et_pb_row _builder_version=&#8221;4.6.1&#8243; _module_preset=&#8221;default&#8221; locked=&#8221;off&#8221;][et_pb_column type=&#8221;4_4&#8243; _builder_version=&#8221;4.6.1&#8243; _module_preset=&#8221;default&#8221;][et_pb_image src=&#8221;https:\/\/dental-racki.hr\/wp-content\/uploads\/2020\/11\/dental-studio-Rac\u030cki-lokacija.png&#8221; title_text=&#8221;dental studio Rac\u030cki lokacija&#8221; _builder_version=&#8221;4.6.1&#8243; _module_preset=&#8221;default&#8221; border_radii=&#8221;on|19px|19px|19px|19px&#8221;][\/et_pb_image][\/et_pb_column][\/et_pb_row][\/et_pb_section]<\/p>\n","protected":false},"excerpt":{"rendered":"<p>Tel: +385 51 508 368 Mob: +385 99 674 0054Supilova ulica 20,\u00a051300, Delnice , prvi katPonedjeljak, srijeda 14:00 &#8211; 20:00 Utorak, \u010detvrtak, petak 8:00 &#8211; 14:00 Ostali termini po dogovoruinfo@dental-racki.hr Dental Studio Ra\u010dki\u00a0se nalazi u samom centru\u00a0Delnica\u00a0u\u00a0Supilovoj ulici broj 20. Pri izlasku s autoceste A6 (Rijeka-Zagreb) skrenite desno u smjeru Delnica. Na samom ulazu u [&hellip;]<\/p>\n","protected":false},"author":1,"featured_media":0,"parent":0,"menu_order":0,"comment_status":"closed","ping_status":"closed","template":"","meta":{"_et_pb_use_builder":"on","_et_pb_old_content":"","_et_gb_content_width":"","footnotes":""},"class_list":["post-419","page","type-page","status-publish","hentry"],"_links":{"self":[{"href":"https:\/\/dental-racki.hr\/index.php\/wp-json\/wp\/v2\/pages\/419","targetHints":{"allow":["GET"]}}],"collection":[{"href":"https:\/\/dental-racki.hr\/index.php\/wp-json\/wp\/v2\/pages"}],"about":[{"href":"https:\/\/dental-racki.hr\/index.php\/wp-json\/wp\/v2\/types\/page"}],"author":[{"embeddable":true,"href":"https:\/\/dental-racki.hr\/index.php\/wp-json\/wp\/v2\/users\/1"}],"replies":[{"embeddable":true,"href":"https:\/\/dental-racki.hr\/index.php\/wp-json\/wp\/v2\/comments?post=419"}],"version-history":[{"count":7,"href":"https:\/\/dental-racki.hr\/index.php\/wp-json\/wp\/v2\/pages\/419\/revisions"}],"predecessor-version":[{"id":982,"href":"https:\/\/dental-racki.hr\/index.php\/wp-json\/wp\/v2\/pages\/419\/revisions\/982"}],"wp:attachment":[{"href":"https:\/\/dental-racki.hr\/index.php\/wp-json\/wp\/v2\/media?parent=419"}],"curies":[{"name":"wp","href":"https:\/\/api.w.org\/{rel}","templated":true}]}}